{"id":21,"date":"2024-07-20T07:59:10","date_gmt":"2024-07-20T07:59:10","guid":{"rendered":"https:\/\/qualitytaxiservice.nl\/?page_id=21"},"modified":"2025-10-28T12:02:39","modified_gmt":"2025-10-28T12:02:39","slug":"diensten","status":"publish","type":"page","link":"https:\/\/amsterdamtaxidienst.nl\/pt\/servicos\/","title":{"rendered":"Servi\u00e7os"},"content":{"rendered":"<div data-elementor-type=\"wp-page\" data-elementor-id=\"21\" class=\"elementor elementor-21\" data-elementor-post-type=\"page\">\n\t\t\t\t\t\t<section class=\"elementor-section elementor-top-section elementor-element elementor-element-c31f39d elementor-section-boxed elementor-section-height-default elementor-section-height-default elementor-invisible\" data-id=\"c31f39d\" data-element_type=\"section\" data-e-type=\"section\" data-settings=\"{&quot;animation&quot;:&quot;fadeInUp&quot;}\">\n\t\t\t\t\t\t<div class=\"elementor-container elementor-column-gap-default\">\n\t\t\t\t\t<div class=\"elementor-column elementor-col-100 elementor-top-column elementor-element elementor-element-76f4b20\" data-id=\"76f4b20\" data-element_type=\"column\" data-e-type=\"column\" data-settings=\"{&quot;background_background&quot;:&quot;classic&quot;}\">\n\t\t\t<div class=\"elementor-widget-wrap elementor-element-populated\">\n\t\t\t\t\t\t\t<\/div>\n\t\t<\/div>\n\t\t\t\t\t<\/div>\n\t\t<\/section>\n\t\t\t\t<section class=\"elementor-section elementor-top-section elementor-element elementor-element-b90e401 elementor-section-boxed elementor-section-height-default elementor-section-height-default\" data-id=\"b90e401\" data-element_type=\"section\" data-e-type=\"section\">\n\t\t\t\t\t\t<div class=\"elementor-container elementor-column-gap-default\">\n\t\t\t\t\t<div class=\"elementor-column elementor-col-100 elementor-top-column elementor-element elementor-element-969bb3b elementor-invisible\" data-id=\"969bb3b\" data-element_type=\"column\" data-e-type=\"column\" data-settings=\"{&quot;animation&quot;:&quot;fadeInLeft&quot;}\">\n\t\t\t<div class=\"elementor-widget-wrap elementor-element-populated\">\n\t\t\t\t\t\t<div class=\"elementor-element elementor-element-0496a05 elementor-headline--style-highlight elementor-widget elementor-widget-animated-headline\" data-id=\"0496a05\" data-element_type=\"widget\" data-e-type=\"widget\" data-settings=\"{&quot;marker&quot;:&quot;underline_zigzag&quot;,&quot;highlighted_text&quot;:&quot;comfort &quot;,&quot;headline_style&quot;:&quot;highlight&quot;,&quot;loop&quot;:&quot;yes&quot;,&quot;highlight_animation_duration&quot;:1200,&quot;highlight_iteration_delay&quot;:8000}\" data-widget_type=\"animated-headline.default\">\n\t\t\t\t<div class=\"elementor-widget-container\">\n\t\t\t\t\t\t\t<h3 class=\"elementor-headline\">\n\t\t\t\t\t<span class=\"elementor-headline-plain-text elementor-headline-text-wrapper\">Explorar em <\/span>\n\t\t\t\t<span class=\"elementor-headline-dynamic-wrapper elementor-headline-text-wrapper\">\n\t\t\t\t\t<span class=\"elementor-headline-dynamic-text elementor-headline-text-active\">conforto <\/span>\n\t\t\t\t<\/span>\n\t\t\t\t\t<span class=\"elementor-headline-plain-text elementor-headline-text-wrapper\">e estilo<\/span>\n\t\t\t\t\t<\/h3>\n\t\t\t\t\t\t<\/div>\n\t\t\t\t<\/div>\n\t\t\t\t\t<\/div>\n\t\t<\/div>\n\t\t\t\t\t<\/div>\n\t\t<\/section>\n\t\t\t\t<section class=\"elementor-section elementor-top-section elementor-element elementor-element-4dd672f elementor-section-stretched elementor-section-boxed elementor-section-height-default elementor-section-height-default\" data-id=\"4dd672f\" data-element_type=\"section\" data-e-type=\"section\" data-settings=\"{&quot;stretch_section&quot;:&quot;section-stretched&quot;}\">\n\t\t\t\t\t\t<div class=\"elementor-container elementor-column-gap-default\">\n\t\t\t\t\t<div class=\"elementor-column elementor-col-100 elementor-top-column elementor-element elementor-element-0faafce\" data-id=\"0faafce\" data-element_type=\"column\" data-e-type=\"column\">\n\t\t\t<div class=\"elementor-widget-wrap elementor-element-populated\">\n\t\t\t\t\t\t<section class=\"elementor-section elementor-inner-section elementor-element elementor-element-61b0024 elementor-section-boxed elementor-section-height-default elementor-section-height-default\" data-id=\"61b0024\" data-element_type=\"section\" data-e-type=\"section\">\n\t\t\t\t\t\t<div class=\"elementor-container elementor-column-gap-default\">\n\t\t\t\t\t<div class=\"elementor-column elementor-col-33 elementor-inner-column elementor-element elementor-element-3f7d42a elementor-invisible\" data-id=\"3f7d42a\" data-element_type=\"column\" data-e-type=\"column\" data-settings=\"{&quot;background_background&quot;:&quot;classic&quot;,&quot;animation&quot;:&quot;fadeInUp&quot;,&quot;animation_delay&quot;:100}\">\n\t\t\t<div class=\"elementor-widget-wrap elementor-element-populated\">\n\t\t\t\t\t\t<div class=\"elementor-element elementor-element-0f7a02a elementor-view-default elementor-position-block-start elementor-mobile-position-block-start elementor-widget elementor-widget-icon-box\" data-id=\"0f7a02a\" data-element_type=\"widget\" data-e-type=\"widget\" data-widget_type=\"icon-box.default\">\n\t\t\t\t<div class=\"elementor-widget-container\">\n\t\t\t\t\t\t\t<div class=\"elementor-icon-box-wrapper\">\n\n\t\t\t\t\t\t<div class=\"elementor-icon-box-icon\">\n\t\t\t\t<span  class=\"elementor-icon\">\n\t\t\t\t<svg xmlns=\"http:\/\/www.w3.org\/2000\/svg\" width=\"32\" height=\"32\" viewbox=\"0 0 32 32\" fill=\"none\"><path id=\"Vector\" d=\"M12 5.85625C12 3.71875 13.8125 0 16 0C18.25 0 20 3.71875 20 5.85625V10L31.1125 17.4062C31.6687 17.775 32 18.4 32 19.0688V22.6125C32 23.2937 31.3312 23.775 30.6812 23.5625L20 20V25L23.6 27.7C23.85 27.8875 24 28.1875 24 28.5V31.125C24 31.6125 23.6063 32 23.125 32C23.0438 32 22.9625 31.9875 22.8813 31.9688L16 30L9.11875 31.9688C9.0375 31.9937 8.95625 32 8.875 32C8.3875 32 8 31.6063 8 31.125V28.5C8 28.1875 8.15 27.8875 8.4 27.7L12 25V20L1.31875 23.5625C0.66875 23.775 0 23.2937 0 22.6125V19.0688C0 18.4 0.33125 17.775 0.8875 17.4062L12 10V5.85625Z\" fill=\"white\"><\/path><\/svg>\t\t\t\t<\/span>\n\t\t\t<\/div>\n\t\t\t\n\t\t\t\t\t\t<div class=\"elementor-icon-box-content\">\n\n\t\t\t\t\t\t\t\t\t<h3 class=\"elementor-icon-box-title\">\n\t\t\t\t\t\t<span  >\n\t\t\t\t\t\t\tDe transporte do aeroporto\t\t\t\t\t\t<\/span>\n\t\t\t\t\t<\/h3>\n\t\t\t\t\n\t\t\t\t\t\t\t\t\t<p class=\"elementor-icon-box-description\">\n\t\t\t\t\t\tNosso servi\u00e7o de traslado do aeroporto garante embarque e desembarque em tempo h\u00e1bil para que voc\u00ea nunca perca um voo. Viaje com conforto e estilo com nossos motoristas profissionais e ve\u00edculos bem conservados.\t\t\t\t\t<\/p>\n\t\t\t\t\n\t\t\t<\/div>\n\t\t\t\n\t\t<\/div>\n\t\t\t\t\t\t<\/div>\n\t\t\t\t<\/div>\n\t\t\t\t\t<\/div>\n\t\t<\/div>\n\t\t\t\t<div class=\"elementor-column elementor-col-33 elementor-inner-column elementor-element elementor-element-3b687e1 elementor-invisible\" data-id=\"3b687e1\" data-element_type=\"column\" data-e-type=\"column\" data-settings=\"{&quot;background_background&quot;:&quot;classic&quot;,&quot;animation&quot;:&quot;fadeInUp&quot;,&quot;animation_delay&quot;:300}\">\n\t\t\t<div class=\"elementor-widget-wrap elementor-element-populated\">\n\t\t\t\t\t\t<div class=\"elementor-element elementor-element-5b47ced elementor-view-default elementor-position-block-start elementor-mobile-position-block-start elementor-widget elementor-widget-icon-box\" data-id=\"5b47ced\" data-element_type=\"widget\" data-e-type=\"widget\" data-widget_type=\"icon-box.default\">\n\t\t\t\t<div class=\"elementor-widget-container\">\n\t\t\t\t\t\t\t<div class=\"elementor-icon-box-wrapper\">\n\n\t\t\t\t\t\t<div class=\"elementor-icon-box-icon\">\n\t\t\t\t<span  class=\"elementor-icon\">\n\t\t\t\t<svg xmlns=\"http:\/\/www.w3.org\/2000\/svg\" width=\"32\" height=\"32\" viewbox=\"0 0 32 32\" fill=\"none\"><path id=\"Vector\" d=\"M16 32C20.2435 32 24.3131 30.3143 27.3137 27.3137C30.3143 24.3131 32 20.2435 32 16C32 11.7565 30.3143 7.68687 27.3137 4.68629C24.3131 1.68571 20.2435 0 16 0C11.7565 0 7.68687 1.68571 4.68629 4.68629C1.68571 7.68687 0 11.7565 0 16C0 20.2435 1.68571 24.3131 4.68629 27.3137C7.68687 30.3143 11.7565 32 16 32ZM23.0625 13.0625L15.0625 21.0625C14.475 21.65 13.525 21.65 12.9438 21.0625L8.94375 17.0625C8.35625 16.475 8.35625 15.525 8.94375 14.9438C9.53125 14.3625 10.4812 14.3563 11.0625 14.9438L14 17.8813L20.9375 10.9375C21.525 10.35 22.475 10.35 23.0562 10.9375C23.6375 11.525 23.6437 12.475 23.0562 13.0562L23.0625 13.0625Z\" fill=\"white\"><\/path><\/svg>\t\t\t\t<\/span>\n\t\t\t<\/div>\n\t\t\t\n\t\t\t\t\t\t<div class=\"elementor-icon-box-content\">\n\n\t\t\t\t\t\t\t\t\t<h3 class=\"elementor-icon-box-title\">\n\t\t\t\t\t\t<span  >\n\t\t\t\t\t\t\tAjuda personalizada\t\t\t\t\t\t<\/span>\n\t\t\t\t\t<\/h3>\n\t\t\t\t\n\t\t\t\t\t\t\t\t\t<p class=\"elementor-icon-box-description\">\n\t\t\t\t\t\tA Amsterdam Taxi Service oferece servi\u00e7os de boas-vindas para tornar a sua experi\u00eancia no aeroporto ainda melhor. Os nossos motoristas estar\u00e3o \u00e0 sua espera no port\u00e3o de chegada, prontos para ajud\u00e1-lo com a sua bagagem e acompanh\u00e1-lo at\u00e9 ao seu ve\u00edculo. \t\t\t\t\t<\/p>\n\t\t\t\t\n\t\t\t<\/div>\n\t\t\t\n\t\t<\/div>\n\t\t\t\t\t\t<\/div>\n\t\t\t\t<\/div>\n\t\t\t\t\t<\/div>\n\t\t<\/div>\n\t\t\t\t<div class=\"elementor-column elementor-col-33 elementor-inner-column elementor-element elementor-element-f819c53 elementor-invisible\" data-id=\"f819c53\" data-element_type=\"column\" data-e-type=\"column\" data-settings=\"{&quot;background_background&quot;:&quot;classic&quot;,&quot;animation&quot;:&quot;fadeInUp&quot;,&quot;animation_delay&quot;:500}\">\n\t\t\t<div class=\"elementor-widget-wrap elementor-element-populated\">\n\t\t\t\t\t\t<div class=\"elementor-element elementor-element-f8c110b elementor-view-default elementor-position-block-start elementor-mobile-position-block-start elementor-widget elementor-widget-icon-box\" data-id=\"f8c110b\" data-element_type=\"widget\" data-e-type=\"widget\" data-widget_type=\"icon-box.default\">\n\t\t\t\t<div class=\"elementor-widget-container\">\n\t\t\t\t\t\t\t<div class=\"elementor-icon-box-wrapper\">\n\n\t\t\t\t\t\t<div class=\"elementor-icon-box-icon\">\n\t\t\t\t<span  class=\"elementor-icon\">\n\t\t\t\t<svg xmlns=\"http:\/\/www.w3.org\/2000\/svg\" width=\"24\" height=\"32\" viewbox=\"0 0 24 32\" fill=\"none\"><path id=\"Vector\" d=\"M13.4812 31.2C16.6875 27.1875 24 17.4625 24 12C24 5.375 18.625 0 12 0C5.375 0 0 5.375 0 12C0 17.4625 7.3125 27.1875 10.5188 31.2C11.2875 32.1562 12.7125 32.1562 13.4812 31.2ZM12 8C13.0609 8 14.0783 8.42143 14.8284 9.17157C15.5786 9.92172 16 10.9391 16 12C16 13.0609 15.5786 14.0783 14.8284 14.8284C14.0783 15.5786 13.0609 16 12 16C10.9391 16 9.92172 15.5786 9.17157 14.8284C8.42143 14.0783 8 13.0609 8 12C8 10.9391 8.42143 9.92172 9.17157 9.17157C9.92172 8.42143 10.9391 8 12 8Z\" fill=\"white\"><\/path><\/svg>\t\t\t\t<\/span>\n\t\t\t<\/div>\n\t\t\t\n\t\t\t\t\t\t<div class=\"elementor-icon-box-content\">\n\n\t\t\t\t\t\t\t\t\t<h3 class=\"elementor-icon-box-title\">\n\t\t\t\t\t\t<span  >\n\t\t\t\t\t\t\tTransporte local\t\t\t\t\t\t<\/span>\n\t\t\t\t\t<\/h3>\n\t\t\t\t\n\t\t\t\t\t\t\t\t\t<p class=\"elementor-icon-box-description\">\n\t\t\t\t\t\tOntdek de essentie van lokaal vervoer met Amsterdam Taxi Dienst. Onze gepassioneerde chauffeurs, die bekend zijn met elke hoek van Amsterdam, zorgen voor een moeiteloze en authentieke rit naar je bestemming\t\t\t\t\t<\/p>\n\t\t\t\t\n\t\t\t<\/div>\n\t\t\t\n\t\t<\/div>\n\t\t\t\t\t\t<\/div>\n\t\t\t\t<\/div>\n\t\t\t\t\t<\/div>\n\t\t<\/div>\n\t\t\t\t\t<\/div>\n\t\t<\/section>\n\t\t\t\t<section class=\"elementor-section elementor-inner-section elementor-element elementor-element-d8d44db elementor-section-boxed elementor-section-height-default elementor-section-height-default\" data-id=\"d8d44db\" data-element_type=\"section\" data-e-type=\"section\">\n\t\t\t\t\t\t<div class=\"elementor-container elementor-column-gap-default\">\n\t\t\t\t\t<div class=\"elementor-column elementor-col-33 elementor-inner-column elementor-element elementor-element-46aa58c elementor-invisible\" data-id=\"46aa58c\" data-element_type=\"column\" data-e-type=\"column\" data-settings=\"{&quot;background_background&quot;:&quot;classic&quot;,&quot;animation&quot;:&quot;fadeInUp&quot;,&quot;animation_delay&quot;:100}\">\n\t\t\t<div class=\"elementor-widget-wrap elementor-element-populated\">\n\t\t\t\t\t\t<div class=\"elementor-element elementor-element-ea87fc7 elementor-view-default elementor-position-block-start elementor-mobile-position-block-start elementor-widget elementor-widget-icon-box\" data-id=\"ea87fc7\" data-element_type=\"widget\" data-e-type=\"widget\" data-widget_type=\"icon-box.default\">\n\t\t\t\t<div class=\"elementor-widget-container\">\n\t\t\t\t\t\t\t<div class=\"elementor-icon-box-wrapper\">\n\n\t\t\t\t\t\t<div class=\"elementor-icon-box-icon\">\n\t\t\t\t<span  class=\"elementor-icon\">\n\t\t\t\t<svg aria-hidden=\"true\" class=\"e-font-icon-svg e-fas-phone-alt\" viewbox=\"0 0 512 512\" xmlns=\"http:\/\/www.w3.org\/2000\/svg\"><path d=\"M497.39 361.8l-112-48a24 24 0 0 0-28 6.9l-49.6 60.6A370.66 370.66 0 0 1 130.6 204.11l60.6-49.6a23.94 23.94 0 0 0 6.9-28l-48-112A24.16 24.16 0 0 0 122.6.61l-104 24A24 24 0 0 0 0 48c0 256.5 207.9 464 464 464a24 24 0 0 0 23.4-18.6l24-104a24.29 24.29 0 0 0-14.01-27.6z\"><\/path><\/svg>\t\t\t\t<\/span>\n\t\t\t<\/div>\n\t\t\t\n\t\t\t\t\t\t<div class=\"elementor-icon-box-content\">\n\n\t\t\t\t\t\t\t\t\t<h3 class=\"elementor-icon-box-title\">\n\t\t\t\t\t\t<span  >\n\t\t\t\t\t\t\tSuporte ao cliente 24 horas por dia, 7 dias por semana\t\t\t\t\t\t<\/span>\n\t\t\t\t\t<\/h3>\n\t\t\t\t\n\t\t\t\t\t\t\t\t\t<p class=\"elementor-icon-box-description\">\n\t\t\t\t\t\tNossa equipe dedicada de atendimento ao cliente est\u00e1 dispon\u00edvel 24 horas por dia para ajud\u00e1-lo com qualquer d\u00favida ou preocupa\u00e7\u00e3o. Sempre entre em contato conosco para um servi\u00e7o r\u00e1pido e confi\u00e1vel.\t\t\t\t\t<\/p>\n\t\t\t\t\n\t\t\t<\/div>\n\t\t\t\n\t\t<\/div>\n\t\t\t\t\t\t<\/div>\n\t\t\t\t<\/div>\n\t\t\t\t\t<\/div>\n\t\t<\/div>\n\t\t\t\t<div class=\"elementor-column elementor-col-33 elementor-inner-column elementor-element elementor-element-aa74c86 elementor-invisible\" data-id=\"aa74c86\" data-element_type=\"column\" data-e-type=\"column\" data-settings=\"{&quot;background_background&quot;:&quot;classic&quot;,&quot;animation&quot;:&quot;fadeInUp&quot;,&quot;animation_delay&quot;:300}\">\n\t\t\t<div class=\"elementor-widget-wrap elementor-element-populated\">\n\t\t\t\t\t\t<div class=\"elementor-element elementor-element-7b73507 elementor-view-default elementor-position-block-start elementor-mobile-position-block-start elementor-widget elementor-widget-icon-box\" data-id=\"7b73507\" data-element_type=\"widget\" data-e-type=\"widget\" data-widget_type=\"icon-box.default\">\n\t\t\t\t<div class=\"elementor-widget-container\">\n\t\t\t\t\t\t\t<div class=\"elementor-icon-box-wrapper\">\n\n\t\t\t\t\t\t<div class=\"elementor-icon-box-icon\">\n\t\t\t\t<span  class=\"elementor-icon\">\n\t\t\t\t<svg aria-hidden=\"true\" class=\"e-font-icon-svg e-fas-hands-helping\" viewbox=\"0 0 640 512\" xmlns=\"http:\/\/www.w3.org\/2000\/svg\"><path d=\"M488 192H336v56c0 39.7-32.3 72-72 72s-72-32.3-72-72V126.4l-64.9 39C107.8 176.9 96 197.8 96 220.2v47.3l-80 46.2C.7 322.5-4.6 342.1 4.3 357.4l80 138.6c8.8 15.3 28.4 20.5 43.7 11.7L231.4 448H368c35.3 0 64-28.7 64-64h16c17.7 0 32-14.3 32-32v-64h8c13.3 0 24-10.7 24-24v-48c0-13.3-10.7-24-24-24zm147.7-37.4L555.7 16C546.9.7 527.3-4.5 512 4.3L408.6 64H306.4c-12 0-23.7 3.4-33.9 9.7L239 94.6c-9.4 5.8-15 16.1-15 27.1V248c0 22.1 17.9 40 40 40s40-17.9 40-40v-88h184c30.9 0 56 25.1 56 56v28.5l80-46.2c15.3-8.9 20.5-28.4 11.7-43.7z\"><\/path><\/svg>\t\t\t\t<\/span>\n\t\t\t<\/div>\n\t\t\t\n\t\t\t\t\t\t<div class=\"elementor-icon-box-content\">\n\n\t\t\t\t\t\t\t\t\t<h3 class=\"elementor-icon-box-title\">\n\t\t\t\t\t\t<span  >\n\t\t\t\t\t\t\tServi\u00e7o de transfer\u00eancia de t\u00e1xi\t\t\t\t\t\t<\/span>\n\t\t\t\t\t<\/h3>\n\t\t\t\t\n\t\t\t\t\t\t\t\t\t<p class=\"elementor-icon-box-description\">\n\t\t\t\t\t\tWilt u comfortabel van de ene locatie naar de andere worden gebracht? Bij Amsterdam Taxi Dienst bieden we de flexibiliteit die u nodig heeft voor uw reisplannen, waardoor lange ritten eenvoudig en stressvrij worden. Boek uw rit vandaag nog en ervaar het gemak van onze professionele chauffeurs en moderne voertuigen.\t\t\t\t\t<\/p>\n\t\t\t\t\n\t\t\t<\/div>\n\t\t\t\n\t\t<\/div>\n\t\t\t\t\t\t<\/div>\n\t\t\t\t<\/div>\n\t\t\t\t\t<\/div>\n\t\t<\/div>\n\t\t\t\t<div class=\"elementor-column elementor-col-33 elementor-inner-column elementor-element elementor-element-e64ade6 elementor-invisible\" data-id=\"e64ade6\" data-element_type=\"column\" data-e-type=\"column\" data-settings=\"{&quot;background_background&quot;:&quot;classic&quot;,&quot;animation&quot;:&quot;fadeInUp&quot;,&quot;animation_delay&quot;:500}\">\n\t\t\t<div class=\"elementor-widget-wrap elementor-element-populated\">\n\t\t\t\t\t\t<div class=\"elementor-element elementor-element-d7801e9 elementor-view-default elementor-position-block-start elementor-mobile-position-block-start elementor-widget elementor-widget-icon-box\" data-id=\"d7801e9\" data-element_type=\"widget\" data-e-type=\"widget\" data-widget_type=\"icon-box.default\">\n\t\t\t\t<div class=\"elementor-widget-container\">\n\t\t\t\t\t\t\t<div class=\"elementor-icon-box-wrapper\">\n\n\t\t\t\t\t\t<div class=\"elementor-icon-box-icon\">\n\t\t\t\t<span  class=\"elementor-icon\">\n\t\t\t\t<svg aria-hidden=\"true\" class=\"e-font-icon-svg e-fas-hand-rock\" viewbox=\"0 0 512 512\" xmlns=\"http:\/\/www.w3.org\/2000\/svg\"><path d=\"M464.8 80c-26.9-.4-48.8 21.2-48.8 48h-8V96.8c0-26.3-20.9-48.3-47.2-48.8-26.9-.4-48.8 21.2-48.8 48v32h-8V80.8c0-26.3-20.9-48.3-47.2-48.8-26.9-.4-48.8 21.2-48.8 48v48h-8V96.8c0-26.3-20.9-48.3-47.2-48.8-26.9-.4-48.8 21.2-48.8 48v136l-8-7.1v-48.1c0-26.3-20.9-48.3-47.2-48.8C21.9 127.6 0 149.2 0 176v66.4c0 27.4 11.7 53.5 32.2 71.8l111.7 99.3c10.2 9.1 16.1 22.2 16.1 35.9v6.7c0 13.3 10.7 24 24 24h240c13.3 0 24-10.7 24-24v-2.9c0-12.8 2.6-25.5 7.5-37.3l49-116.3c5-11.8 7.5-24.5 7.5-37.3V128.8c0-26.3-20.9-48.4-47.2-48.8z\"><\/path><\/svg>\t\t\t\t<\/span>\n\t\t\t<\/div>\n\t\t\t\n\t\t\t\t\t\t<div class=\"elementor-icon-box-content\">\n\n\t\t\t\t\t\t\t\t\t<h3 class=\"elementor-icon-box-title\">\n\t\t\t\t\t\t<span  >\n\t\t\t\t\t\t\tEquipamento adicional\t\t\t\t\t\t<\/span>\n\t\t\t\t\t<\/h3>\n\t\t\t\t\n\t\t\t\t\t\t\t\t\t<p class=\"elementor-icon-box-description\">\n\t\t\t\t\t\tPersonalize o seu passeio com a nossa gama de equipamentos adicionais, incluindo sistemas de navega\u00e7\u00e3o GPS, cadeiras para crian\u00e7as e muito mais. Garanta uma viagem confort\u00e1vel e segura, adaptada \u00e0s suas necessidades.\t\t\t\t\t<\/p>\n\t\t\t\t\n\t\t\t<\/div>\n\t\t\t\n\t\t<\/div>\n\t\t\t\t\t\t<\/div>\n\t\t\t\t<\/div>\n\t\t\t\t\t<\/div>\n\t\t<\/div>\n\t\t\t\t\t<\/div>\n\t\t<\/section>\n\t\t\t\t\t<\/div>\n\t\t<\/div>\n\t\t\t\t\t<\/div>\n\t\t<\/section>\n\t\t<div class=\"elementor-element elementor-element-d16fe82 e-flex e-con-boxed e-con e-parent\" data-id=\"d16fe82\" data-element_type=\"container\" data-e-type=\"container\">\n\t\t\t\t\t<div class=\"e-con-inner\">\n\t\t\t\t<div class=\"elementor-element elementor-element-8dfb737 elementor-widget elementor-widget-image\" data-id=\"8dfb737\" data-element_type=\"widget\" data-e-type=\"widget\" data-widget_type=\"image.default\">\n\t\t\t\t<div class=\"elementor-widget-container\">\n\t\t\t\t\t\t\t\t\t\t\t\t\t\t\t<img fetchpriority=\"high\" decoding=\"async\" width=\"800\" height=\"973\" src=\"https:\/\/amsterdamtaxidienst.nl\/wp-content\/uploads\/2025\/04\/WhatsApp-Image-2025-04-01-at-22.53.39-842x1024.jpeg\" class=\"attachment-large size-large wp-image-24907\" alt=\"\" srcset=\"https:\/\/amsterdamtaxidienst.nl\/wp-content\/uploads\/2025\/04\/WhatsApp-Image-2025-04-01-at-22.53.39-842x1024.jpeg 842w, https:\/\/amsterdamtaxidienst.nl\/wp-content\/uploads\/2025\/04\/WhatsApp-Image-2025-04-01-at-22.53.39-247x300.jpeg 247w, https:\/\/amsterdamtaxidienst.nl\/wp-content\/uploads\/2025\/04\/WhatsApp-Image-2025-04-01-at-22.53.39-768x934.jpeg 768w, https:\/\/amsterdamtaxidienst.nl\/wp-content\/uploads\/2025\/04\/WhatsApp-Image-2025-04-01-at-22.53.39-10x12.jpeg 10w, https:\/\/amsterdamtaxidienst.nl\/wp-content\/uploads\/2025\/04\/WhatsApp-Image-2025-04-01-at-22.53.39-252x306.jpeg 252w, https:\/\/amsterdamtaxidienst.nl\/wp-content\/uploads\/2025\/04\/WhatsApp-Image-2025-04-01-at-22.53.39-438x533.jpeg 438w, https:\/\/amsterdamtaxidienst.nl\/wp-content\/uploads\/2025\/04\/WhatsApp-Image-2025-04-01-at-22.53.39.jpeg 1179w\" sizes=\"(max-width: 800px) 100vw, 800px\" \/>\t\t\t\t\t\t\t\t\t\t\t\t\t\t\t<\/div>\n\t\t\t\t<\/div>\n\t\t\t\t\t<\/div>\n\t\t\t\t<\/div>\n\t\t\t\t<\/div>","protected":false},"excerpt":{"rendered":"<p>Verken in comfort en stijl Luchthaventransfers Onze luchthaventransferservice zorgt voor tijdige ophaal- en wegbrengdiensten, zodat u nooit een vlucht mist. Reis comfortabel en stijlvol met onze professionele chauffeurs en goed onderhouden voertuigen. Gepersonaliseerde hulp Amsterdam Taxi Dienst biedt meet &amp; greet-diensten om uw luchthavenervaring te verbeteren. Onze chauffeurs staan \u200b\u200bbij de aankomstgate op u te [&hellip;]<\/p>\n","protected":false},"author":1,"featured_media":0,"parent":0,"menu_order":0,"comment_status":"closed","ping_status":"closed","template":"","meta":{"footnotes":""},"class_list":["post-21","page","type-page","status-publish","hentry"],"_links":{"self":[{"href":"https:\/\/amsterdamtaxidienst.nl\/pt\/wp-json\/wp\/v2\/pages\/21","targetHints":{"allow":["GET"]}}],"collection":[{"href":"https:\/\/amsterdamtaxidienst.nl\/pt\/wp-json\/wp\/v2\/pages"}],"about":[{"href":"https:\/\/amsterdamtaxidienst.nl\/pt\/wp-json\/wp\/v2\/types\/page"}],"author":[{"embeddable":true,"href":"https:\/\/amsterdamtaxidienst.nl\/pt\/wp-json\/wp\/v2\/users\/1"}],"replies":[{"embeddable":true,"href":"https:\/\/amsterdamtaxidienst.nl\/pt\/wp-json\/wp\/v2\/comments?post=21"}],"version-history":[{"count":9,"href":"https:\/\/amsterdamtaxidienst.nl\/pt\/wp-json\/wp\/v2\/pages\/21\/revisions"}],"predecessor-version":[{"id":25164,"href":"https:\/\/amsterdamtaxidienst.nl\/pt\/wp-json\/wp\/v2\/pages\/21\/revisions\/25164"}],"wp:attachment":[{"href":"https:\/\/amsterdamtaxidienst.nl\/pt\/wp-json\/wp\/v2\/media?parent=21"}],"curies":[{"name":"wp","href":"https:\/\/api.w.org\/{rel}","templated":true}]}}